{"id":133,"date":"2018-08-10T19:15:23","date_gmt":"2018-08-10T17:15:23","guid":{"rendered":"http:\/\/nagelstudio-krause.de\/?page_id=133"},"modified":"2025-06-18T07:43:39","modified_gmt":"2025-06-18T05:43:39","slug":"hand-und-nagelpflege","status":"publish","type":"page","link":"http:\/\/handundfuss.eu\/?page_id=133","title":{"rendered":"Hand- und Nagelpflege"},"content":{"rendered":"\n<p style=\"font-size:20px\"><strong>Gepflegte H\u00e4nde und N\u00e4gel <\/strong><strong>sind die Visitenkarte einer Frau!<\/strong><\/p>\n\n\n\n<p class=\"has-regular-font-size\">Ausstrahlung f\u00e4ngt bei allen Menschen an den H\u00e4nden an. Deswegen sollte der optimalen Hand- und Nagelpflege allergr\u00f6\u00dfte Aufmerksamkeit gewidmet werden.<\/p>\n\n\n\n<p class=\"has-regular-font-size\">Viele Frauen und M\u00e4nner fragen nach Alternativen zur Nagelmodellage oder m\u00f6chten zu ihren nat\u00fcrlichen N\u00e4geln zur\u00fcck. Aber sch\u00f6ne feste N\u00e4gel hat heute fast niemand, da die allgemeinen Umweltbelastungen einfach zu gro\u00df geworden sind. Auch tragen ern\u00e4hrungsbedingte Fehlversorgungen zur schlechten Nagelsubstanz bei. Wirkstoffreiche Produkte geben den H\u00e4nden und N\u00e4geln verlorene Vitalstoffe zur\u00fcck.<\/p>\n\n\n\n<p class=\"has-regular-font-size\">In unserem Studio bieten wir Ihnen das ideale Programm f\u00fcr N\u00e4gel, Nagelhaut und H\u00e4nde. Denn erst deren positiven Gesamteindruck wiederspiegelt Ihre eigene Pers\u00f6nlichkeit.<\/p>\n\n\n\n<p class=\"has-regular-font-size\">Der Schritt zu sch\u00f6nen gepflegten H\u00e4nden und N\u00e4geln, war nie so leicht wie heute&#8230;<\/p>\n\n\n\n<p style=\"font-size:17px\"><strong>Die Manik\u00fcre<\/strong><\/p>\n\n\n\n<p>Zu Beginn einer Basis-Manik\u00fcre werden Nagellackreste vollst\u00e4ndig entfernt. Hierzu werden sowohl in der Nagelmodellage als auch in der Naturnagelpflege nur schonende, pflegende Varianten verwendet. Aceton haltige Produkte lackieren zwar schnell und sauber ab, sind aber f\u00fcr N\u00e4gel und Haut zu aggressiv und entziehen der Haut und dem Nagel wichtige Vitalstoffe.<\/p>\n\n\n\n<p class=\"has-regular-font-size\">Der Naturnagel wird mit einer speziellen Naturnagelfeile in Form gebracht. Mit einem Manik\u00fcrst\u00e4bchen wird die Nagelhaut zur\u00fcckgeschoben. Nun folgt ein wohltuendes Handbad, es reinigt die Haut tief und macht die Haut zart und geschmeidig. Nach dem Handbad wird die Nagelhaut und Nagelplatte mit einem speziellen Pflegeprodukt versorgt. Die wertvollen pflanzlichen \u00d6le und der Zusatz von Vitamin A, E und F pflegen und machen N\u00e4gel und Haut zart und geschmeidig.<\/p>\n","protected":false},"excerpt":{"rendered":"<p>Gepflegte H\u00e4nde und N\u00e4gel sind die Visitenkarte einer Frau! Ausstrahlung f\u00e4ngt bei allen Menschen an den H\u00e4nden an. Deswegen sollte der optimalen Hand- und Nagelpflege allergr\u00f6\u00dfte Aufmerksamkeit gewidmet werden. Viele Frauen und M\u00e4nner fragen nach Alternativen zur Nagelmodellage oder m\u00f6chten zu ihren nat\u00fcrlichen N\u00e4geln zur\u00fcck. Aber sch\u00f6ne feste N\u00e4gel hat heute fast niemand, da die&#8230;<\/p>\n","protected":false},"author":1,"featured_media":575,"parent":0,"menu_order":0,"comment_status":"closed","ping_status":"closed","template":"page_nosidebar.php","meta":{"footnotes":""},"class_list":["post-133","page","type-page","status-publish","has-post-thumbnail","hentry"],"_links":{"self":[{"href":"http:\/\/handundfuss.eu\/index.php?rest_route=\/wp\/v2\/pages\/133","targetHints":{"allow":["GET"]}}],"collection":[{"href":"http:\/\/handundfuss.eu\/index.php?rest_route=\/wp\/v2\/pages"}],"about":[{"href":"http:\/\/handundfuss.eu\/index.php?rest_route=\/wp\/v2\/types\/page"}],"author":[{"embeddable":true,"href":"http:\/\/handundfuss.eu\/index.php?rest_route=\/wp\/v2\/users\/1"}],"replies":[{"embeddable":true,"href":"http:\/\/handundfuss.eu\/index.php?rest_route=%2Fwp%2Fv2%2Fcomments&post=133"}],"version-history":[{"count":3,"href":"http:\/\/handundfuss.eu\/index.php?rest_route=\/wp\/v2\/pages\/133\/revisions"}],"predecessor-version":[{"id":574,"href":"http:\/\/handundfuss.eu\/index.php?rest_route=\/wp\/v2\/pages\/133\/revisions\/574"}],"wp:featuredmedia":[{"embeddable":true,"href":"http:\/\/handundfuss.eu\/index.php?rest_route=\/wp\/v2\/media\/575"}],"wp:attachment":[{"href":"http:\/\/handundfuss.eu\/index.php?rest_route=%2Fwp%2Fv2%2Fmedia&parent=133"}],"curies":[{"name":"wp","href":"https:\/\/api.w.org\/{rel}","templated":true}]}}