{"id":154,"date":"2018-08-10T19:15:23","date_gmt":"2018-08-10T17:15:23","guid":{"rendered":"http:\/\/nagelstudio-krause.de\/?page_id=154"},"modified":"2026-03-10T07:20:46","modified_gmt":"2026-03-10T06:20:46","slug":"med-fusspflege","status":"publish","type":"page","link":"http:\/\/handundfuss.eu\/?page_id=154","title":{"rendered":"Fu\u00dfpflege"},"content":{"rendered":"\n<p><strong>Pflege, die gut tut \u2013 f\u00fcr Ihre Fu\u00dfgesundheit und Ihr Wohlbefinden<\/strong><\/p>\n\n\n\n<p>Unsere F\u00fc\u00dfe werden Tag f\u00fcr Tag stark beansprucht. Gerade bei strapazierten oder problematischen F\u00fc\u00dfen ist eine rechtzeitige, fachgerechte Pflege wichtig \u2013 nicht nur zur Entlastung, sondern auch f\u00fcr ein dauerhaft gepflegtes Hautbild.<\/p>\n\n\n\n<p><strong>Wir helfen Ihnen dabei, Ihre F\u00fc\u00dfe wieder in Form zu bringen \u2013 mit Erfahrung, Sorgfalt und viel Aufmerksamkeit.<\/strong><\/p>\n\n\n\n<hr class=\"wp-block-separator has-alpha-channel-opacity\"\/>\n\n\n\n<h3 class=\"wp-block-heading\"><strong>Unsere Leistungen im \u00dcberblick:<\/strong><\/h3>\n\n\n\n<p>\ud83e\uddb6\u00a0<strong><strong>Professionelle<\/strong> Fu\u00dfpflege<\/strong><br>(nicht heilkundlich, aber fachlich fundiert)<\/p>\n\n\n\n<ul class=\"wp-block-list\">\n<li>\u2022 Individuelle Beratung<\/li>\n\n\n\n<li>\u2022 Entspannendes Kr\u00e4uterfu\u00dfbad zur Vorbereitung der Haut<\/li>\n\n\n\n<li>\u2022 K\u00fcrzen und sorgf\u00e4ltiges Formen der Fu\u00dfn\u00e4gel<\/li>\n\n\n\n<li>\u2022 Sanfte Pflege der Nagelhaut<\/li>\n\n\n\n<li>\u2022 Schonendes Entfernen von Hornhaut und Druckstellen<\/li>\n\n\n\n<li>\u2022 Pflege trockener und beanspruchter Haut<\/li>\n\n\n\n<li>\u2022 Abschlie\u00dfende Pflege f\u00fcr geschmeidige und gepflegte F\u00fc\u00dfe\u2022 Schonendes Entfernen von Hornhaut und Druckstellen<\/li>\n\n\n\n<li>\u2022 Pflege trockener und beanspruchter Haut<\/li>\n\n\n\n<li>\u2022 Abschlie\u00dfende Pflege f\u00fcr geschmeidige und gepflegte F\u00fc\u00dfe<\/li>\n<\/ul>\n\n\n\n<hr class=\"wp-block-separator has-alpha-channel-opacity\"\/>\n\n\n\n<h3 class=\"wp-block-heading\"><strong>Mehr als Pflege \u2013 ein Beitrag zu Ihrem Wohlbefinden<\/strong><\/h3>\n\n\n\n<p>Unsere professionelle Fu\u00dfpflege verbindet sorgf\u00e4ltige Pflege mit einem \u00e4sthetischen Anspruch. Denn gepflegte F\u00fc\u00dfe f\u00fchlen sich nicht nur besser an \u2013 sie sehen auch besser aus. In entspannter Atmosph\u00e4re k\u00fcmmern wir uns um Ihre F\u00fc\u00dfe, damit Sie sich wieder rundum wohlf\u00fchlen.<\/p>\n\n\n\n<p><strong>Wussten Sie schon?<\/strong><br>Viele Nervenenden unseres K\u00f6rpers enden in den F\u00fc\u00dfen. Eine professionelle Fu\u00dfpflege kann daher oft mehr bewirken als reine Pflege \u2013 sie tr\u00e4gt sp\u00fcrbar zum allgemeinen Wohlbefinden bei.<\/p>\n\n\n\n<p>G\u00f6nnen Sie Ihren F\u00fc\u00dfen die Aufmerksamkeit, die sie verdienen.<\/p>\n\n\n\n<hr class=\"wp-block-separator has-alpha-channel-opacity\"\/>\n\n\n\n<h3 class=\"wp-block-heading\"><strong>G\u00f6nnen Sie Ihren F\u00fc\u00dfen die Aufmerksamkeit, die sie verdienen.<\/strong><\/h3>\n\n\n\n<p>Wir freuen uns darauf, Sie in unserem Studio begr\u00fc\u00dfen zu d\u00fcrfen!<\/p>\n\n\n<p data-start=\"1373\" data-end=\"1573\">\ud83d\udc49 <strong data-start=\"1376\" data-end=\"1405\">Jetzt Termin vereinbaren:<\/strong><br data-start=\"1405\" data-end=\"1408\" \/>Einfach <a href=\"https:\/\/www.studiobookr.com\/hand-fuss-68851\" target=\"_blank\" rel=\"noopener\">online buchen<\/a> <br data-start=\"1530\" data-end=\"1533\" \/>oder telefonisch unter <strong data-start=\"1556\" data-end=\"1572\">04204 689986<\/strong><\/p>\n<p data-start=\"1373\" data-end=\"1573\">\n\n\n<p><\/p>\n","protected":false},"excerpt":{"rendered":"<p>Pflege, die gut tut \u2013 f\u00fcr Ihre Fu\u00dfgesundheit und Ihr Wohlbefinden Unsere F\u00fc\u00dfe werden Tag f\u00fcr Tag stark beansprucht. Gerade bei strapazierten oder problematischen F\u00fc\u00dfen ist eine rechtzeitige, fachgerechte Pflege wichtig \u2013 nicht nur zur Entlastung, sondern auch f\u00fcr ein dauerhaft gepflegtes Hautbild. Wir helfen Ihnen dabei, Ihre F\u00fc\u00dfe wieder in Form zu bringen \u2013&#8230;<\/p>\n","protected":false},"author":1,"featured_media":165,"parent":0,"menu_order":0,"comment_status":"closed","ping_status":"closed","template":"page_nosidebar.php","meta":{"footnotes":""},"class_list":["post-154","page","type-page","status-publish","has-post-thumbnail","hentry"],"_links":{"self":[{"href":"http:\/\/handundfuss.eu\/index.php?rest_route=\/wp\/v2\/pages\/154","targetHints":{"allow":["GET"]}}],"collection":[{"href":"http:\/\/handundfuss.eu\/index.php?rest_route=\/wp\/v2\/pages"}],"about":[{"href":"http:\/\/handundfuss.eu\/index.php?rest_route=\/wp\/v2\/types\/page"}],"author":[{"embeddable":true,"href":"http:\/\/handundfuss.eu\/index.php?rest_route=\/wp\/v2\/users\/1"}],"replies":[{"embeddable":true,"href":"http:\/\/handundfuss.eu\/index.php?rest_route=%2Fwp%2Fv2%2Fcomments&post=154"}],"version-history":[{"count":9,"href":"http:\/\/handundfuss.eu\/index.php?rest_route=\/wp\/v2\/pages\/154\/revisions"}],"predecessor-version":[{"id":634,"href":"http:\/\/handundfuss.eu\/index.php?rest_route=\/wp\/v2\/pages\/154\/revisions\/634"}],"wp:featuredmedia":[{"embeddable":true,"href":"http:\/\/handundfuss.eu\/index.php?rest_route=\/wp\/v2\/media\/165"}],"wp:attachment":[{"href":"http:\/\/handundfuss.eu\/index.php?rest_route=%2Fwp%2Fv2%2Fmedia&parent=154"}],"curies":[{"name":"wp","href":"https:\/\/api.w.org\/{rel}","templated":true}]}}