{"id":164,"date":"2018-08-10T19:15:23","date_gmt":"2018-08-10T17:15:23","guid":{"rendered":"http:\/\/nagelstudio-krause.de\/?page_id=164"},"modified":"2026-03-10T07:36:33","modified_gmt":"2026-03-10T06:36:33","slug":"behandlungsergaenzungen","status":"publish","type":"page","link":"http:\/\/handundfuss.eu\/?page_id=164","title":{"rendered":"Behandlungserg\u00e4nzungen"},"content":{"rendered":"<h3 data-start=\"215\" data-end=\"288\"><strong data-start=\"225\" data-end=\"286\">Fu\u00df- &amp; Beinmassage \u2013 Entspannung, die unter die Haut geht<\/strong><\/h3>\n<p data-start=\"289\" data-end=\"522\">G\u00f6nnen Sie sich eine <strong data-start=\"310\" data-end=\"346\">20-min\u00fctige Fu\u00df- und Beinmassage<\/strong> und lassen Sie den Alltag hinter sich.<br data-start=\"385\" data-end=\"388\" \/>Ob zur <strong data-start=\"395\" data-end=\"409\">Beruhigung<\/strong> oder zur <strong data-start=\"419\" data-end=\"441\">tiefen Entspannung<\/strong> \u2013 diese wohltuende Anwendung hilft, Stress abzubauen und neue Energie zu tanken.<\/p>\n<hr data-start=\"524\" data-end=\"527\" \/>\n<h2 data-start=\"406\" data-end=\"477\"><strong data-start=\"416\" data-end=\"475\">Wellness f\u00fcr die F\u00fc\u00dfe \u2013 Pflege, die man sieht und sp\u00fcrt<\/strong><\/h2>\n<p data-start=\"478\" data-end=\"629\">Unsere verw\u00f6hnenden Extras sorgen f\u00fcr samtweiche, gepflegte F\u00fc\u00dfe und ein rundum gutes Gef\u00fchl \u2013 ideal f\u00fcr alle, die sich selbst etwas Gutes tun m\u00f6chten.<\/p>\n<hr data-start=\"631\" data-end=\"634\" \/>\n<p data-start=\"519\" data-end=\"561\"><strong data-start=\"519\" data-end=\"561\">Fu\u00dfpflege Relax \u2013 Pflege &amp; Entspannung<\/strong><\/p>\n<p data-start=\"563\" data-end=\"645\">Diese Behandlung vereint <strong data-start=\"588\" data-end=\"616\">professionelle Fu\u00dfpflege<\/strong> mit wohltuender Entspannung:<\/p>\n<p data-start=\"647\" data-end=\"838\">\u2022 Professionelle Fu\u00dfpflege f\u00fcr gepflegte N\u00e4gel &amp; Haut<br data-start=\"700\" data-end=\"703\" \/>\u2022 20-min\u00fctige Fu\u00df- &amp; Beinmassage \u2013 zur Lockerung und Entspannung<br data-start=\"767\" data-end=\"770\" \/>\u2022 Optional zubuchbar: Paraffinbehandlung f\u00fcr extra geschmeidige F\u00fc\u00dfe<\/p>\n<hr data-start=\"986\" data-end=\"989\" \/>\n<p data-start=\"845\" data-end=\"890\"><strong data-start=\"845\" data-end=\"890\">Fu\u00dfpflege SPA \u2013 Dein Rundum-Wohlf\u00fchlpaket<\/strong><\/p>\n<p data-start=\"892\" data-end=\"996\">G\u00f6nnen Sie Ihren F\u00fc\u00dfen eine Auszeit mit unserer Spa-Behandlung, die Pflege und Wellness perfekt vereint.<\/p>\n<p data-start=\"998\" data-end=\"1261\">\u2022 Professionelle Fu\u00dfpflege f\u00fcr gepflegte F\u00fc\u00dfe<br data-start=\"1043\" data-end=\"1046\" \/>\u2022 Sanftes Peeling zur Hautverfeinerung<br data-start=\"1084\" data-end=\"1087\" \/>\u2022 Feuchtigkeitsspendende Fu\u00dfpackung<br data-start=\"1122\" data-end=\"1125\" \/>\u2022 Fu\u00df- &amp; Beinmassage f\u00fcr entspannende Momente<br data-start=\"1170\" data-end=\"1173\" \/>\u2022 Optional zubuchbar: Paraffinbehandlung \u2013 der Feuchtigkeits-Booster f\u00fcr samtweiche Haut<\/p>\n<ul data-start=\"1148\" data-end=\"1434\">\n<li data-start=\"1285\" data-end=\"1339\">\n<p data-start=\"1287\" data-end=\"1339\"><strong data-start=\"1287\" data-end=\"1309\">Fu\u00df- &amp; Beinmassage<\/strong> f\u00fcr tiefgehende Entspannung<\/p>\n<\/li>\n<li data-start=\"1340\" data-end=\"1434\">\n<p data-start=\"1342\" data-end=\"1434\">Optional zubuchbar: <strong data-start=\"1362\" data-end=\"1384\">Paraffinbehandlung<\/strong> \u2013 der Feuchtigkeits-Booster f\u00fcr samtweiche Haut<\/p>\n<\/li>\n<\/ul>\n<hr data-start=\"1436\" data-end=\"1439\" \/>\n<h3 data-start=\"1441\" data-end=\"1495\"><strong data-start=\"1447\" data-end=\"1493\">Paraffinbehandlung \u2013 Pflege zum Eintauchen<\/strong><\/h3>\n<p data-start=\"1496\" data-end=\"1718\">Ein wohlig-warmes Paraffinbad versorgt die Haut intensiv mit Feuchtigkeit, gl\u00e4ttet raue Stellen und hinterl\u00e4sst ein seidig weiches Gef\u00fchl.<\/p>\n<p data-start=\"1496\" data-end=\"1718\"><br data-start=\"1634\" data-end=\"1637\" \/>\ud83d\udca1 Ideal als Erg\u00e4nzung zur Fu\u00dfpflege oder SPA-Behandlung \u2013 individuell zubuchbar.<\/p>\n<h2 data-start=\"126\" data-end=\"189\">Farbe, die bleibt \u2013 Lackier-Techniken f\u00fcr perfekte Zehen<\/h2>\n<p data-start=\"191\" data-end=\"356\">Gepflegte N\u00e4gel sind das i-T\u00fcpfelchen jeder Fu\u00dfpflege. W\u00e4hle aus zwei modernen Lackiermethoden f\u00fcr ein dauerhaft sch\u00f6nes Ergebnis \u2013 ganz nach deinem Stil und Alltag.<\/p>\n<hr data-start=\"358\" data-end=\"361\" \/>\n<h3 data-start=\"363\" data-end=\"708\"><strong data-start=\"363\" data-end=\"391\">WOW Hybrid Gel Polish<\/strong><\/h3>\n<p data-start=\"363\" data-end=\"708\">Der unkomplizierte Glanz f\u00fcr den Alltag \u2013 ohne UV-Ger\u00e4t.<br data-start=\"450\" data-end=\"453\" \/>Diese innovative Lackvariante h\u00e4rtet bei Tageslicht aus und \u00fcberzeugt durch intensive Farbe und eine gl\u00e4ttende Gel-Optik. Ideal, wenn du dir im Studio das perfekte Finish g\u00f6nnst \u2013 und die Farbe anschlie\u00dfend ganz einfach zu Hause selbst auffrischen kannst.<\/p>\n<p data-start=\"710\" data-end=\"741\"><strong data-start=\"710\" data-end=\"739\">Vorteile auf einen Blick:<\/strong><\/p>\n<ul data-start=\"742\" data-end=\"976\">\n<li data-start=\"742\" data-end=\"765\">\n<p data-start=\"744\" data-end=\"765\">Kein UV-Ger\u00e4t n\u00f6tig<\/p>\n<\/li>\n<li data-start=\"766\" data-end=\"800\">\n<p data-start=\"768\" data-end=\"800\">Schnelles, einfaches Auftragen<\/p>\n<\/li>\n<li data-start=\"801\" data-end=\"842\">\n<p data-start=\"803\" data-end=\"842\">Ultimativer Glanz mit Plumping-Effekt<\/p>\n<\/li>\n<li data-start=\"843\" data-end=\"867\">\n<p data-start=\"845\" data-end=\"867\">H\u00e4lt bis zu 3 Wochen<\/p>\n<\/li>\n<li data-start=\"868\" data-end=\"904\">\n<p data-start=\"870\" data-end=\"904\">Schonend &amp; acetonfrei entfernbar<\/p>\n<\/li>\n<\/ul>\n<hr data-start=\"978\" data-end=\"981\" \/>\n<h3 data-start=\"983\" data-end=\"1200\"><strong data-start=\"983\" data-end=\"1010\">Pedi Polish (Shellac)<\/strong><\/h3>\n<p data-start=\"983\" data-end=\"1200\">F\u00fcr alle, die langanhaltenden Glanz lieben.<br data-start=\"1056\" data-end=\"1059\" \/>Der unter UV-Licht ausgeh\u00e4rtete Lack sorgt f\u00fcr ein besonders haltbares und gl\u00e4nzendes Finish \u2013 ideal f\u00fcr den Sommerurlaub oder offene Schuhe.<\/p>\n<p data-start=\"1202\" data-end=\"1233\"><strong data-start=\"1202\" data-end=\"1231\">Das zeichnet Shellac aus:<\/strong><\/p>\n<ul data-start=\"1234\" data-end=\"1356\">\n<li data-start=\"1234\" data-end=\"1262\">\n<p data-start=\"1236\" data-end=\"1262\">Hochgl\u00e4nzend &amp; kratzfest<\/p>\n<\/li>\n<li data-start=\"1263\" data-end=\"1294\">\n<p data-start=\"1265\" data-end=\"1294\">Haltbarkeit bis zu 4 Wochen<\/p>\n<\/li>\n<li data-start=\"1295\" data-end=\"1316\">\n<p data-start=\"1297\" data-end=\"1316\">Schonend entfernbar mit speziellem Remover<\/p>\n<\/li>\n<li data-start=\"1317\" data-end=\"1356\">\n<p data-start=\"1319\" data-end=\"1356\">Sofort belastbar nach dem Aush\u00e4rten<\/p>\n<\/li>\n<\/ul>\n<hr data-start=\"1358\" data-end=\"1361\" \/>\n<p data-start=\"1439\" data-end=\"1585\">\u00a0<\/p>\n\n\n<p>\u2728&nbsp;<strong>Sch\u00f6ne N\u00e4gel, gepflegte F\u00fc\u00dfe, entspannte Beine \u2013 alles, was Sie brauchen, um sich wohlzuf\u00fchlen.<\/strong><\/p>\n\n\n\n<p><\/p>\n\n\n\n<p>Vereinbaren Sie jetzt Ihren Wohlf\u00fchltermin \u2013 wir freuen uns auf Sie!<\/p>\n\n\n\n<p><strong>\ud83d\udc49 Jetzt Termin vereinbaren:<\/strong><br>Einfach <a href=\"https:\/\/www.studiobookr.com\/hand-fuss-68851#\/\">online<\/a> buchen oder telefonisch unter&nbsp;<strong>04204 689986<\/strong>.<\/p>\n\n\n\n<p>\ud83d\udc9d&nbsp;<em>Geschenkgutschein gef\u00e4llig?<\/em><br>Gutscheine k\u00f6nnen ganz bequem&nbsp;<strong><a href=\"https:\/\/www.studiobookr.com\/hand-fuss-68851#\/\">online<\/a><\/strong> oder direkt im Studio erworben werden \u2013 f\u00fcr kleine und gro\u00dfe Verw\u00f6hnmomente.<\/p>\n\n\n\n<p><\/p>\n","protected":false},"excerpt":{"rendered":"<p>Fu\u00df- &amp; Beinmassage \u2013 Entspannung, die unter die Haut geht G\u00f6nnen Sie sich eine 20-min\u00fctige Fu\u00df- und Beinmassage und lassen Sie den Alltag hinter sich.Ob zur Beruhigung oder zur tiefen Entspannung \u2013 diese wohltuende Anwendung hilft, Stress abzubauen und neue Energie zu tanken. Wellness f\u00fcr die F\u00fc\u00dfe \u2013 Pflege, die man sieht und sp\u00fcrt Unsere&#8230;<\/p>\n","protected":false},"author":1,"featured_media":591,"parent":0,"menu_order":0,"comment_status":"closed","ping_status":"closed","template":"page_nosidebar.php","meta":{"footnotes":""},"class_list":["post-164","page","type-page","status-publish","has-post-thumbnail","hentry"],"_links":{"self":[{"href":"http:\/\/handundfuss.eu\/index.php?rest_route=\/wp\/v2\/pages\/164","targetHints":{"allow":["GET"]}}],"collection":[{"href":"http:\/\/handundfuss.eu\/index.php?rest_route=\/wp\/v2\/pages"}],"about":[{"href":"http:\/\/handundfuss.eu\/index.php?rest_route=\/wp\/v2\/types\/page"}],"author":[{"embeddable":true,"href":"http:\/\/handundfuss.eu\/index.php?rest_route=\/wp\/v2\/users\/1"}],"replies":[{"embeddable":true,"href":"http:\/\/handundfuss.eu\/index.php?rest_route=%2Fwp%2Fv2%2Fcomments&post=164"}],"version-history":[{"count":18,"href":"http:\/\/handundfuss.eu\/index.php?rest_route=\/wp\/v2\/pages\/164\/revisions"}],"predecessor-version":[{"id":649,"href":"http:\/\/handundfuss.eu\/index.php?rest_route=\/wp\/v2\/pages\/164\/revisions\/649"}],"wp:featuredmedia":[{"embeddable":true,"href":"http:\/\/handundfuss.eu\/index.php?rest_route=\/wp\/v2\/media\/591"}],"wp:attachment":[{"href":"http:\/\/handundfuss.eu\/index.php?rest_route=%2Fwp%2Fv2%2Fmedia&parent=164"}],"curies":[{"name":"wp","href":"https:\/\/api.w.org\/{rel}","templated":true}]}}