{"id":21,"date":"2018-06-20T08:38:13","date_gmt":"2018-06-20T06:38:13","guid":{"rendered":"http:\/\/nagelstudio-krause.de\/?page_id=21"},"modified":"2026-03-10T17:36:14","modified_gmt":"2026-03-10T16:36:14","slug":"startseite","status":"publish","type":"page","link":"http:\/\/handundfuss.eu\/","title":{"rendered":"Startseite"},"content":{"rendered":"<div class=\"\" data-block=\"true\" data-editor=\"5qjfs\" data-offset-key=\"bs7er-0-0\">\n<div class=\"_1mf _1mj\" style=\"text-align: center;\" data-offset-key=\"bs7er-0-0\">\n<h3 data-section-id=\"tyus8b\" data-start=\"510\" data-end=\"587\">Herzlich willkommen bei Hand &amp; Fu\u00df \u2013 Ihrem Studio f\u00fcr<\/h3>\n<h3 data-section-id=\"tyus8b\" data-start=\"510\" data-end=\"587\">Hand- und Fu\u00dfpflege<\/h3>\n<p data-start=\"589\" data-end=\"613\">Sch\u00f6n, dass Sie da sind!<\/p>\n<p data-start=\"615\" data-end=\"951\">Wir \u2013 ein engagiertes Team mit Herz, Erfahrung und einem Blick f\u00fcrs Detail \u2013 haben es uns zur Aufgabe gemacht, Ihre H\u00e4nde und F\u00fc\u00dfe mit Sorgfalt und fachlichem Know-how zu pflegen. In unserem modernen Studio erwarten Sie professionelle Hand- und Nagelkosmetik sowie professionelle Fu\u00dfpflege \u2013 in entspannter, freundlicher Atmosph\u00e4re.<\/p>\n<p data-start=\"953\" data-end=\"1277\">Seit vielen Jahren arbeiten wir mit Leidenschaft in diesem Bereich und legen gro\u00dfen Wert auf Qualit\u00e4t, Hygiene und pers\u00f6nliche Beratung. Mit hochwertigen Produkten und einer gro\u00dfen Auswahl an lichth\u00e4rtenden Kunststoffen gestalten wir Ihre N\u00e4gel ganz nach Wunsch \u2013 ob Naturnagelverst\u00e4rkung, Modellage oder klassisch gepflegt.<\/p>\n<p data-start=\"1279\" data-end=\"1462\">Auch im Bereich der professionellen Fu\u00dfpflege sind Sie bei uns in den besten H\u00e4nden \u2013 wir k\u00fcmmern uns mit Kompetenz und Fingerspitzengef\u00fchl um gepflegte F\u00fc\u00dfe und Ihr Wohlbefinden.<\/p>\n<p data-start=\"1464\" data-end=\"1601\">Ob Nagelmodellage, Handpflege, Manik\u00fcre oder Fu\u00dfpflege \u2013 wir freuen uns darauf, Sie bei uns willkommen zu hei\u00dfen und rundum zu verw\u00f6hnen.<\/p>\n<p data-start=\"1603\" data-end=\"1645\">Besuchen Sie uns \u2013 wir freuen uns auf Sie!<\/p>\n<p data-start=\"1647\" data-end=\"1698\"><strong data-start=\"1647\" data-end=\"1698\">Ihre Sylvia Groth<br data-start=\"1666\" data-end=\"1669\" \/>und das Team von Hand &amp; Fu\u00df<\/strong><\/p>\n<p style=\"text-align: left;\" data-start=\"338\" data-end=\"442\">\u00a0<\/p>\n<p style=\"text-align: left;\" data-start=\"1006\" data-end=\"1208\">\u00a0<\/p>\n<\/div>\n<\/div>\n\n\n<p><\/p>\n","protected":false},"excerpt":{"rendered":"<p>Herzlich willkommen bei Hand &amp; Fu\u00df \u2013 Ihrem Studio f\u00fcr Hand- und Fu\u00dfpflege Sch\u00f6n, dass Sie da sind! Wir \u2013 ein engagiertes Team mit Herz, Erfahrung und einem Blick f\u00fcrs Detail \u2013 haben es uns zur Aufgabe gemacht, Ihre H\u00e4nde und F\u00fc\u00dfe mit Sorgfalt und fachlichem Know-how zu pflegen. In unserem modernen Studio erwarten Sie&#8230;<\/p>\n","protected":false},"author":1,"featured_media":0,"parent":0,"menu_order":0,"comment_status":"closed","ping_status":"closed","template":"","meta":{"footnotes":""},"class_list":["post-21","page","type-page","status-publish","hentry"],"_links":{"self":[{"href":"http:\/\/handundfuss.eu\/index.php?rest_route=\/wp\/v2\/pages\/21","targetHints":{"allow":["GET"]}}],"collection":[{"href":"http:\/\/handundfuss.eu\/index.php?rest_route=\/wp\/v2\/pages"}],"about":[{"href":"http:\/\/handundfuss.eu\/index.php?rest_route=\/wp\/v2\/types\/page"}],"author":[{"embeddable":true,"href":"http:\/\/handundfuss.eu\/index.php?rest_route=\/wp\/v2\/users\/1"}],"replies":[{"embeddable":true,"href":"http:\/\/handundfuss.eu\/index.php?rest_route=%2Fwp%2Fv2%2Fcomments&post=21"}],"version-history":[{"count":34,"href":"http:\/\/handundfuss.eu\/index.php?rest_route=\/wp\/v2\/pages\/21\/revisions"}],"predecessor-version":[{"id":651,"href":"http:\/\/handundfuss.eu\/index.php?rest_route=\/wp\/v2\/pages\/21\/revisions\/651"}],"wp:attachment":[{"href":"http:\/\/handundfuss.eu\/index.php?rest_route=%2Fwp%2Fv2%2Fmedia&parent=21"}],"curies":[{"name":"wp","href":"https:\/\/api.w.org\/{rel}","templated":true}]}}