{"id":232,"date":"2018-08-11T07:14:17","date_gmt":"2018-08-11T05:14:17","guid":{"rendered":"http:\/\/nagelstudio-krause.de\/?page_id=232"},"modified":"2018-08-11T07:14:17","modified_gmt":"2018-08-11T05:14:17","slug":"agb","status":"publish","type":"page","link":"http:\/\/handundfuss.eu\/?page_id=232","title":{"rendered":"AGB"},"content":{"rendered":"\n<p><strong>Zahlungskonditionen<\/strong><\/p>\n\n\n\n<ul class=\"wp-block-list\"><li>Barzahlung<\/li><li>EC-Karte\u00a0<\/li><\/ul>\n\n\n\n<p><strong>Terminvereinbarung<\/strong><\/p>\n\n\n\n<p>Sollten Sie einen, mit uns vereinbarten, Termin nicht wahrnehmen k\u00f6nnen, bitten wir Sie, ihn sp\u00e4testens einen Tag zuvor abzusagen. So geben sie uns die M\u00f6glichkeit, diese Zeit anderweitig zu vergeben.<\/p>\n\n\n\n<p>Andernfalls sind wir berechtig, nach \u00a7251 \/ \u00a7 611 BGB, Ihnen den zu erwartenden Behandlungspreises in Rechnung zu stellen.<\/p>\n\n\n\n<p><strong>Gew\u00e4hrleistungsanspruch<\/strong><\/p>\n\n\n\n<p>Um Gew\u00e4hrleistungsanspr\u00fcche geltend zu machen, m\u00fcssen wir auf eine rechtzeitige Reklamation bestehen. F\u00fcr unsere Nagelmodellagen gew\u00e4hren wir\u00a05 Arbeitstage Garantie.<\/p>\n\n\n\n<p>Alle Anspr\u00fcche m\u00fcssen innerhalb dieser Zeit angemeldet werden. Eine Meldung per Telefon gen\u00fcgt.<\/p>\n\n\n\n<p>\u00a0Bei Piercings sollten Sie unbedingt auf eine fehlerfreie Verarbeitung unsererseits achten, da im nachhinein keine Reklamation m\u00f6glich ist.<\/p>\n\n\n\n<p>F\u00fcr Qualit\u00e4tsm\u00e4ngel ist der Hersteller zust\u00e4ndig, wobei wir gerne vermitteln.<\/p>\n","protected":false},"excerpt":{"rendered":"<p>Zahlungskonditionen Barzahlung EC-Karte\u00a0 Terminvereinbarung Sollten Sie einen, mit uns vereinbarten, Termin nicht wahrnehmen k\u00f6nnen, bitten wir Sie, ihn sp\u00e4testens einen Tag zuvor abzusagen. So geben sie uns die M\u00f6glichkeit, diese Zeit anderweitig zu vergeben. Andernfalls sind wir berechtig, nach \u00a7251 \/ \u00a7 611 BGB, Ihnen den zu erwartenden Behandlungspreises in Rechnung zu stellen. Gew\u00e4hrleistungsanspruch Um&#8230;<\/p>\n","protected":false},"author":1,"featured_media":0,"parent":0,"menu_order":0,"comment_status":"closed","ping_status":"closed","template":"","meta":{"footnotes":""},"class_list":["post-232","page","type-page","status-publish","hentry"],"_links":{"self":[{"href":"http:\/\/handundfuss.eu\/index.php?rest_route=\/wp\/v2\/pages\/232","targetHints":{"allow":["GET"]}}],"collection":[{"href":"http:\/\/handundfuss.eu\/index.php?rest_route=\/wp\/v2\/pages"}],"about":[{"href":"http:\/\/handundfuss.eu\/index.php?rest_route=\/wp\/v2\/types\/page"}],"author":[{"embeddable":true,"href":"http:\/\/handundfuss.eu\/index.php?rest_route=\/wp\/v2\/users\/1"}],"replies":[{"embeddable":true,"href":"http:\/\/handundfuss.eu\/index.php?rest_route=%2Fwp%2Fv2%2Fcomments&post=232"}],"version-history":[{"count":1,"href":"http:\/\/handundfuss.eu\/index.php?rest_route=\/wp\/v2\/pages\/232\/revisions"}],"predecessor-version":[{"id":235,"href":"http:\/\/handundfuss.eu\/index.php?rest_route=\/wp\/v2\/pages\/232\/revisions\/235"}],"wp:attachment":[{"href":"http:\/\/handundfuss.eu\/index.php?rest_route=%2Fwp%2Fv2%2Fmedia&parent=232"}],"curies":[{"name":"wp","href":"https:\/\/api.w.org\/{rel}","templated":true}]}}