{"id":291,"date":"2020-04-26T06:59:11","date_gmt":"2020-04-26T04:59:11","guid":{"rendered":"http:\/\/nagelstudio-krause.de\/?page_id=291"},"modified":"2025-05-24T10:43:41","modified_gmt":"2025-05-24T08:43:41","slug":"geschenkgutschein","status":"publish","type":"page","link":"http:\/\/handundfuss.eu\/?page_id=291","title":{"rendered":"Geschenkgutschein"},"content":{"rendered":"\n<p><strong>Verschenken Sie Wohlbefinden \u2013 mit unseren Geschenkgutscheinen<\/strong><\/p>\n\n\n<p><\/p>\n<p><strong>Liebe Kundinnen und Kunden,<\/strong><\/p>\n<p>\n\n<\/p>\n<p>machen Sie Ihren Liebsten eine besondere Freude \u2013 mit einem\u00a0<strong>Geschenkgutschein<\/strong>\u00a0f\u00fcr unsere wohltuenden Behandlungen. Ob als Wertgutschein oder f\u00fcr eine konkrete Anwendung:<br \/><strong>Fu\u00dfpflege, Hand- und Nagelpflege oder entspannende Fu\u00df- und Beinmassagen<\/strong>\u00a0\u2013 eine kleine Auszeit kommt immer gut an.<\/p>\n<p>\n\n<\/p>\n<p>Ob zu\u00a0<strong>Weihnachten<\/strong>,\u00a0<strong>Ostern<\/strong>,\u00a0<strong>Geburtstag<\/strong>\u00a0oder einfach als liebevolle Aufmerksamkeit zwischendurch \u2013 ein Gutschein aus unserem Studio ist immer ein wertsch\u00e4tzendes Geschenk.<\/p>\n<p>\n\n<\/p>\n<hr class=\"wp-block-separator has-alpha-channel-opacity\" \/>\n<p>\n\n<\/p>\n<h3 class=\"wp-block-heading\" data-start=\"124\" data-end=\"146\">So einfach geht\u2019s:<\/h3>\n<p data-start=\"148\" data-end=\"199\">\ud83d\uded2 <strong data-start=\"151\" data-end=\"178\">Online-Gutschein kaufen<\/strong><br data-start=\"178\" data-end=\"181\" \/>Direkt und bequem:<\/p>\n<p data-start=\"201\" data-end=\"288\"><a class=\"\" href=\"https:\/\/www.studiobookr.com\/VoucherOrders\/hand-fuss-68851\" target=\"_blank\" rel=\"noopener\" data-start=\"201\" data-end=\"288\">Jetzt Gutschein sichern<\/a><\/p>\n<p><\/p>\n\n<p><\/p>\n<p><strong>Oder pers\u00f6nlich im Studio:<\/strong><br \/>Besuchen Sie uns vor Ort und w\u00e4hlen Sie den Gutschein ganz nach Ihren W\u00fcnschen.<\/p>\n<p>\n\n<\/p>\n<p><strong>Hinweis:<\/strong><br \/>Weicht der Preis der gew\u00e4hlten Behandlung vom Gutscheinwert ab, kann der Differenzbetrag einfach zugezahlt oder der Restwert sp\u00e4ter eingel\u00f6st werden.<\/p>\n<p>\n\n<\/p>\n<hr class=\"wp-block-separator has-alpha-channel-opacity\" \/>\n<p>\n\n<\/p>\n<p>Wir freuen uns auf Ihren Besuch \u2013 und w\u00fcnschen Ihnen viel Freude beim Verschenken!<\/p>\n<p>\n\n<\/p>\n<p>Ihr Team von <em><strong>Hand &amp; Fu\u00df<\/strong><\/em><\/p>\n<p>\n\n<\/p>\n<p>&nbsp;<\/p>\n<p><\/p>\n\n\n<p><\/p>\n","protected":false},"excerpt":{"rendered":"<p>Verschenken Sie Wohlbefinden \u2013 mit unseren Geschenkgutscheinen Liebe Kundinnen und Kunden, machen Sie Ihren Liebsten eine besondere Freude \u2013 mit einem\u00a0Geschenkgutschein\u00a0f\u00fcr unsere wohltuenden Behandlungen. Ob als Wertgutschein oder f\u00fcr eine konkrete Anwendung:Fu\u00dfpflege, Hand- und Nagelpflege oder entspannende Fu\u00df- und Beinmassagen\u00a0\u2013 eine kleine Auszeit kommt immer gut an. Ob zu\u00a0Weihnachten,\u00a0Ostern,\u00a0Geburtstag\u00a0oder einfach als liebevolle Aufmerksamkeit zwischendurch \u2013&#8230;<\/p>\n","protected":false},"author":1,"featured_media":0,"parent":0,"menu_order":0,"comment_status":"closed","ping_status":"closed","template":"page_nosidebar.php","meta":{"footnotes":""},"class_list":["post-291","page","type-page","status-publish","hentry"],"_links":{"self":[{"href":"http:\/\/handundfuss.eu\/index.php?rest_route=\/wp\/v2\/pages\/291","targetHints":{"allow":["GET"]}}],"collection":[{"href":"http:\/\/handundfuss.eu\/index.php?rest_route=\/wp\/v2\/pages"}],"about":[{"href":"http:\/\/handundfuss.eu\/index.php?rest_route=\/wp\/v2\/types\/page"}],"author":[{"embeddable":true,"href":"http:\/\/handundfuss.eu\/index.php?rest_route=\/wp\/v2\/users\/1"}],"replies":[{"embeddable":true,"href":"http:\/\/handundfuss.eu\/index.php?rest_route=%2Fwp%2Fv2%2Fcomments&post=291"}],"version-history":[{"count":9,"href":"http:\/\/handundfuss.eu\/index.php?rest_route=\/wp\/v2\/pages\/291\/revisions"}],"predecessor-version":[{"id":539,"href":"http:\/\/handundfuss.eu\/index.php?rest_route=\/wp\/v2\/pages\/291\/revisions\/539"}],"wp:attachment":[{"href":"http:\/\/handundfuss.eu\/index.php?rest_route=%2Fwp%2Fv2%2Fmedia&parent=291"}],"curies":[{"name":"wp","href":"https:\/\/api.w.org\/{rel}","templated":true}]}}