{"id":454,"date":"2025-05-22T11:24:26","date_gmt":"2025-05-22T09:24:26","guid":{"rendered":"http:\/\/handundfuss.eu\/?page_id=454"},"modified":"2026-03-10T07:31:39","modified_gmt":"2026-03-10T06:31:39","slug":"spangentechnik-zur-korrektur-eingewachsener-naegel","status":"publish","type":"page","link":"http:\/\/handundfuss.eu\/?page_id=454","title":{"rendered":"Spangentechnik \/ Orthonyxie"},"content":{"rendered":"<h2 data-section-id=\"oalwo3\" data-start=\"745\" data-end=\"808\">Sanfte Unterst\u00fctzung bei eingerollten oder dr\u00fcckenden N\u00e4geln<\/h2>\n<p data-start=\"810\" data-end=\"1051\">Mit der bew\u00e4hrten <strong data-start=\"828\" data-end=\"850\">B\/S-Spangentechnik<\/strong> bieten wir eine schonende Methode zur kosmetischen Nagelkorrektur an. Sie kann dabei helfen, den seitlichen Druck am Nagel zu reduzieren und das nat\u00fcrliche Wachstum des Nagels positiv zu beeinflussen.<\/p>\n<p data-start=\"1053\" data-end=\"1091\">Die Methode eignet sich besonders bei:<\/p>\n<p data-start=\"1093\" data-end=\"1250\">\u2022 eingerollten oder stark gebogenen N\u00e4geln<br data-start=\"1135\" data-end=\"1138\" \/>\u2022 Druckgef\u00fchl im seitlichen Nagelbereich<br data-start=\"1178\" data-end=\"1181\" \/>\u2022 Nagelformen, die zu unangenehmem Druck im Nagelfalz f\u00fchren k\u00f6nnen<\/p>\n<h3 data-section-id=\"ixm5yc\" data-start=\"1252\" data-end=\"1290\">So funktioniert die Spangentechnik<\/h3>\n<p data-start=\"1292\" data-end=\"1541\">Eine hauchd\u00fcnne, elastische Spange wird auf den Nagel aufgeklebt. Durch ihre sanfte Spannung wird der seitliche Nagelrand leicht angehoben. Dadurch kann der Druck im Nagelbereich reduziert werden und der Nagel erh\u00e4lt mehr Raum, nat\u00fcrlich zu wachsen.<\/p>\n<h3 data-section-id=\"w0oavw\" data-start=\"1543\" data-end=\"1555\">Vorteile<\/h3>\n<p data-start=\"1557\" data-end=\"1713\">\u2022 Schonende Anwendung ohne operativen Eingriff<br data-start=\"1603\" data-end=\"1606\" \/>\u2022 Kaum sp\u00fcrbar im Alltag<br data-start=\"1630\" data-end=\"1633\" \/>\u2022 Wasserfest und auch mit Nagellack tragbar<br data-start=\"1676\" data-end=\"1679\" \/>\u2022 F\u00fcr viele Nagelformen geeignet<\/p>\n<p data-start=\"1715\" data-end=\"1858\">Sie m\u00f6chten wissen, ob diese Methode f\u00fcr Sie geeignet ist?<br data-start=\"1773\" data-end=\"1776\" \/>Sprechen Sie uns gerne an \u2013 wir beraten Sie individuell und in ruhiger Atmosph\u00e4re.<\/p>\n","protected":false},"excerpt":{"rendered":"<p>Sanfte Unterst\u00fctzung bei eingerollten oder dr\u00fcckenden N\u00e4geln Mit der bew\u00e4hrten B\/S-Spangentechnik bieten wir eine schonende Methode zur kosmetischen Nagelkorrektur an. Sie kann dabei helfen, den seitlichen Druck am Nagel zu reduzieren und das nat\u00fcrliche Wachstum des Nagels positiv zu beeinflussen. Die Methode eignet sich besonders bei: \u2022 eingerollten oder stark gebogenen N\u00e4geln\u2022 Druckgef\u00fchl im seitlichen&#8230;<\/p>\n","protected":false},"author":1,"featured_media":625,"parent":0,"menu_order":0,"comment_status":"closed","ping_status":"closed","template":"page_nosidebar.php","meta":{"footnotes":""},"class_list":["post-454","page","type-page","status-publish","has-post-thumbnail","hentry"],"_links":{"self":[{"href":"http:\/\/handundfuss.eu\/index.php?rest_route=\/wp\/v2\/pages\/454","targetHints":{"allow":["GET"]}}],"collection":[{"href":"http:\/\/handundfuss.eu\/index.php?rest_route=\/wp\/v2\/pages"}],"about":[{"href":"http:\/\/handundfuss.eu\/index.php?rest_route=\/wp\/v2\/types\/page"}],"author":[{"embeddable":true,"href":"http:\/\/handundfuss.eu\/index.php?rest_route=\/wp\/v2\/users\/1"}],"replies":[{"embeddable":true,"href":"http:\/\/handundfuss.eu\/index.php?rest_route=%2Fwp%2Fv2%2Fcomments&post=454"}],"version-history":[{"count":16,"href":"http:\/\/handundfuss.eu\/index.php?rest_route=\/wp\/v2\/pages\/454\/revisions"}],"predecessor-version":[{"id":639,"href":"http:\/\/handundfuss.eu\/index.php?rest_route=\/wp\/v2\/pages\/454\/revisions\/639"}],"wp:featuredmedia":[{"embeddable":true,"href":"http:\/\/handundfuss.eu\/index.php?rest_route=\/wp\/v2\/media\/625"}],"wp:attachment":[{"href":"http:\/\/handundfuss.eu\/index.php?rest_route=%2Fwp%2Fv2%2Fmedia&parent=454"}],"curies":[{"name":"wp","href":"https:\/\/api.w.org\/{rel}","templated":true}]}}