{"id":551,"date":"2025-06-17T18:17:18","date_gmt":"2025-06-17T16:17:18","guid":{"rendered":"http:\/\/handundfuss.eu\/?page_id=551"},"modified":"2025-12-22T08:43:57","modified_gmt":"2025-12-22T07:43:57","slug":"waxing","status":"publish","type":"page","link":"http:\/\/handundfuss.eu\/?page_id=551","title":{"rendered":"Waxing"},"content":{"rendered":"\n<p><\/p>\n\n\n<h2 data-start=\"240\" data-end=\"301\"><strong data-start=\"243\" data-end=\"301\">Beinenthaarung mit Wachs \u2013 Glatte Haut, die begeistert<\/strong><\/h2>\n<p data-start=\"303\" data-end=\"505\">G\u00f6nnen Sie sich glatte, seidig-weiche Beine \u2013 ganz ohne t\u00e4gliches Rasieren.<br data-start=\"378\" data-end=\"381\" \/>Mit unserer professionellen Warmwachs-Behandlung entfernen wir K\u00f6rperhaare samt Wurzel \u2013 sanft, gr\u00fcndlich und langanhaltend.<\/p>\n<p data-start=\"507\" data-end=\"652\">Diese Behandlung ist ideal, wenn Sie Wert auf ein gepflegtes Hautbild legen \u2013 vor dem Urlaub, f\u00fcr besondere Anl\u00e4sse oder einfach f\u00fcr sich selbst.<\/p>\n<hr data-start=\"654\" data-end=\"657\" \/>\n<h3 data-start=\"659\" data-end=\"714\"><strong data-start=\"663\" data-end=\"714\">Sanft, gr\u00fcndlich, pflegend \u2013 so funktioniert\u2019s:<\/strong><\/h3>\n<p data-start=\"716\" data-end=\"955\"><strong data-start=\"716\" data-end=\"730\">Pre Waxing<\/strong> \u2013 sanfte Vorbereitung f\u00fcr perfekte Ergebnisse<br data-start=\"776\" data-end=\"779\" \/>Ihre Haut wird gr\u00fcndlich gereinigt und leicht gepudert, um sie optimal auf die Haarentfernung vorzubereiten. So bleibt die Haut gesch\u00fctzt und das Waxing besonders hautschonend.<\/p>\n<p data-start=\"957\" data-end=\"1150\"><strong data-start=\"957\" data-end=\"967\">Waxing<\/strong> \u2013 Haarentfernung mit Warmwachs<br data-start=\"998\" data-end=\"1001\" \/>Das angenehm warme Wachs \u00f6ffnet sanft die Poren. Die Haare werden samt Wurzel entfernt \u2013 f\u00fcr wochenlang glatte Beine ohne Stoppeln oder Irritationen.<\/p>\n<p data-start=\"1152\" data-end=\"1381\"><strong data-start=\"164\" data-end=\"224\">Post Waxing \u2013 nat\u00fcrliche Pflege f\u00fcr ein gutes Hautgef\u00fchl<\/strong><br data-start=\"224\" data-end=\"227\" \/>Nach dem Waxing verwenden wir pflegendes <strong data-start=\"268\" data-end=\"285\">Aloe Vera Gel<\/strong>, das die Haut intensiv beruhigt, Reizungen und R\u00f6tungen deutlich minimiert und gleichzeitig Feuchtigkeit spendet.<br data-start=\"399\" data-end=\"402\" \/>So bleibt die Haut nicht nur glatt, sondern auch geschmeidig und streichelzart.<\/p>\n<hr data-start=\"1383\" data-end=\"1386\" \/>\n<p data-start=\"1388\" data-end=\"1496\">\u2728 <strong data-start=\"1390\" data-end=\"1417\">Weich. Glatt. Gepflegt.<\/strong><br data-start=\"1417\" data-end=\"1420\" \/>Erleben Sie ein neues Hautgef\u00fchl \u2013 ganz ohne Rasierer oder Enthaarungscreme.<\/p>\n<p data-start=\"1498\" data-end=\"1683\">\u00a0<\/p>","protected":false},"excerpt":{"rendered":"<p>Beinenthaarung mit Wachs \u2013 Glatte Haut, die begeistert G\u00f6nnen Sie sich glatte, seidig-weiche Beine \u2013 ganz ohne t\u00e4gliches Rasieren.Mit unserer professionellen Warmwachs-Behandlung entfernen wir K\u00f6rperhaare samt Wurzel \u2013 sanft, gr\u00fcndlich und langanhaltend. Diese Behandlung ist ideal, wenn Sie Wert auf ein gepflegtes Hautbild legen \u2013 vor dem Urlaub, f\u00fcr besondere Anl\u00e4sse oder einfach f\u00fcr sich&#8230;<\/p>\n","protected":false},"author":1,"featured_media":553,"parent":0,"menu_order":0,"comment_status":"closed","ping_status":"closed","template":"page_nosidebar.php","meta":{"footnotes":""},"class_list":["post-551","page","type-page","status-publish","has-post-thumbnail","hentry"],"_links":{"self":[{"href":"http:\/\/handundfuss.eu\/index.php?rest_route=\/wp\/v2\/pages\/551","targetHints":{"allow":["GET"]}}],"collection":[{"href":"http:\/\/handundfuss.eu\/index.php?rest_route=\/wp\/v2\/pages"}],"about":[{"href":"http:\/\/handundfuss.eu\/index.php?rest_route=\/wp\/v2\/types\/page"}],"author":[{"embeddable":true,"href":"http:\/\/handundfuss.eu\/index.php?rest_route=\/wp\/v2\/users\/1"}],"replies":[{"embeddable":true,"href":"http:\/\/handundfuss.eu\/index.php?rest_route=%2Fwp%2Fv2%2Fcomments&post=551"}],"version-history":[{"count":9,"href":"http:\/\/handundfuss.eu\/index.php?rest_route=\/wp\/v2\/pages\/551\/revisions"}],"predecessor-version":[{"id":630,"href":"http:\/\/handundfuss.eu\/index.php?rest_route=\/wp\/v2\/pages\/551\/revisions\/630"}],"wp:featuredmedia":[{"embeddable":true,"href":"http:\/\/handundfuss.eu\/index.php?rest_route=\/wp\/v2\/media\/553"}],"wp:attachment":[{"href":"http:\/\/handundfuss.eu\/index.php?rest_route=%2Fwp%2Fv2%2Fmedia&parent=551"}],"curies":[{"name":"wp","href":"https:\/\/api.w.org\/{rel}","templated":true}]}}