{"id":71,"date":"2018-08-09T06:54:00","date_gmt":"2018-08-09T04:54:00","guid":{"rendered":"http:\/\/nagelstudio-krause.de\/?page_id=71"},"modified":"2025-05-22T12:21:06","modified_gmt":"2025-05-22T10:21:06","slug":"ueber-uns","status":"publish","type":"page","link":"http:\/\/handundfuss.eu\/?page_id=71","title":{"rendered":"\u00dcber uns"},"content":{"rendered":"<p data-start=\"219\" data-end=\"345\"><strong data-start=\"219\" data-end=\"244\">\u201eDer Kunde ist K\u00f6nig\u201c<\/strong> \u2013 das ist unsere gelebte Philosophie.<br data-start=\"282\" data-end=\"285\" \/><strong data-start=\"285\" data-end=\"307\">Ihre Zufriedenheit<\/strong> steht bei uns stets an erster Stelle.<\/p>\n<p data-start=\"347\" data-end=\"651\">Wir garantieren jederzeit <strong data-start=\"373\" data-end=\"393\">h\u00f6chste Qualit\u00e4t<\/strong>, <strong data-start=\"395\" data-end=\"417\">sorgf\u00e4ltige Arbeit<\/strong> und ein besonderes Ma\u00df an <strong data-start=\"444\" data-end=\"470\">pers\u00f6nlicher Betreuung<\/strong>.<br data-start=\"471\" data-end=\"474\" \/><strong data-start=\"474\" data-end=\"488\">Aktualit\u00e4t<\/strong>, <strong data-start=\"490\" data-end=\"513\">Serviceorientierung<\/strong> und eine <strong data-start=\"523\" data-end=\"548\">individuelle Beratung<\/strong> sind f\u00fcr uns selbstverst\u00e4ndlich \u2013 denn nur so k\u00f6nnen wir Ihren W\u00fcnschen und Anspr\u00fcchen gerecht werden.<\/p>\n<p data-start=\"653\" data-end=\"872\">Wir nehmen uns Zeit f\u00fcr Sie \u2013 f\u00fcr Ihre <strong data-start=\"692\" data-end=\"707\">Bed\u00fcrfnisse<\/strong>, Ihr <strong data-start=\"713\" data-end=\"729\">Wohlbefinden<\/strong> und die bestm\u00f6gliche Pflege.<br data-start=\"758\" data-end=\"761\" \/><strong data-start=\"761\" data-end=\"790\">Regelm\u00e4\u00dfige Fortbildungen<\/strong> sowie der Einsatz <strong data-start=\"809\" data-end=\"831\">moderner Techniken<\/strong> sichern unseren hohen Qualit\u00e4tsanspruch.<\/p>\n<p data-start=\"874\" data-end=\"990\">\ud83d\udd12 <strong data-start=\"877\" data-end=\"905\">Hygiene und Desinfektion<\/strong> sind f\u00fcr uns nicht nur Pflicht, sondern fester Bestandteil unserer t\u00e4glichen Arbeit.<\/p>\n<hr data-start=\"992\" data-end=\"995\" \/>\n<h3 data-start=\"997\" data-end=\"1035\"><strong data-start=\"1001\" data-end=\"1035\">Unsere Leistungen im \u00dcberblick<\/strong><\/h3>\n<ul data-start=\"1037\" data-end=\"1243\">\n<li data-start=\"1037\" data-end=\"1172\">\n<p data-start=\"1039\" data-end=\"1172\">Medizinische Fu\u00dfpflege<br data-start=\"1061\" data-end=\"1064\" \/>\u00a0\u00a0\u00a0\u00a0\u2013 Spangentechnik \/ Orthonyxie bei eingewachsenen oder problematischen N\u00e4geln<\/p>\n<\/li>\n<li data-start=\"1173\" data-end=\"1199\">\n<p data-start=\"1175\" data-end=\"1199\">Nageldesign &amp; Manik\u00fcre<\/p>\n<\/li>\n<li data-start=\"1200\" data-end=\"1243\">\n<p data-start=\"1202\" data-end=\"1243\">Geschenkgutscheine f\u00fcr jede Gelegenheit<\/p>\n<\/li>\n<\/ul>\n<hr data-start=\"1245\" data-end=\"1248\" \/>\n<blockquote data-start=\"1250\" data-end=\"1348\">\n<p data-start=\"1252\" data-end=\"1348\"><strong data-start=\"1252\" data-end=\"1348\">\u201eSch\u00f6ne H\u00e4nde und gepflegte F\u00fc\u00dfe sind kein Luxus \u2013 sie sind ein Zeichen von Selbstf\u00fcrsorge.\u201c<\/strong><\/p>\n<\/blockquote>\n","protected":false},"excerpt":{"rendered":"<p>\u201eDer Kunde ist K\u00f6nig\u201c \u2013 das ist unsere gelebte Philosophie.Ihre Zufriedenheit steht bei uns stets an erster Stelle. Wir garantieren jederzeit h\u00f6chste Qualit\u00e4t, sorgf\u00e4ltige Arbeit und ein besonderes Ma\u00df an pers\u00f6nlicher Betreuung.Aktualit\u00e4t, Serviceorientierung und eine individuelle Beratung sind f\u00fcr uns selbstverst\u00e4ndlich \u2013 denn nur so k\u00f6nnen wir Ihren W\u00fcnschen und Anspr\u00fcchen gerecht werden. Wir nehmen&#8230;<\/p>\n","protected":false},"author":1,"featured_media":0,"parent":0,"menu_order":0,"comment_status":"closed","ping_status":"closed","template":"page_nosidebar.php","meta":{"footnotes":""},"class_list":["post-71","page","type-page","status-publish","hentry"],"_links":{"self":[{"href":"http:\/\/handundfuss.eu\/index.php?rest_route=\/wp\/v2\/pages\/71","targetHints":{"allow":["GET"]}}],"collection":[{"href":"http:\/\/handundfuss.eu\/index.php?rest_route=\/wp\/v2\/pages"}],"about":[{"href":"http:\/\/handundfuss.eu\/index.php?rest_route=\/wp\/v2\/types\/page"}],"author":[{"embeddable":true,"href":"http:\/\/handundfuss.eu\/index.php?rest_route=\/wp\/v2\/users\/1"}],"replies":[{"embeddable":true,"href":"http:\/\/handundfuss.eu\/index.php?rest_route=%2Fwp%2Fv2%2Fcomments&post=71"}],"version-history":[{"count":2,"href":"http:\/\/handundfuss.eu\/index.php?rest_route=\/wp\/v2\/pages\/71\/revisions"}],"predecessor-version":[{"id":478,"href":"http:\/\/handundfuss.eu\/index.php?rest_route=\/wp\/v2\/pages\/71\/revisions\/478"}],"wp:attachment":[{"href":"http:\/\/handundfuss.eu\/index.php?rest_route=%2Fwp%2Fv2%2Fmedia&parent=71"}],"curies":[{"name":"wp","href":"https:\/\/api.w.org\/{rel}","templated":true}]}}