{"id":75,"date":"2018-08-09T06:54:00","date_gmt":"2018-08-09T04:54:00","guid":{"rendered":"http:\/\/nagelstudio-krause.de\/?page_id=75"},"modified":"2024-01-02T14:08:15","modified_gmt":"2024-01-02T13:08:15","slug":"impressum","status":"publish","type":"page","link":"http:\/\/handundfuss.eu\/?page_id=75","title":{"rendered":"Impressum"},"content":{"rendered":"<p><strong>Herausgeber dieser Website:<\/strong><\/p>\n<p>Hand&amp; Fu\u00df<\/p>\n<p>Inh. Sylvia Groth<\/p>\n<p>Braunschweiger Stra\u00dfe 31A<\/p>\n<p>27321 Thedinghausen<\/p>\n<p>Tel.: (04204) 68 99 86<\/p>\n<p>E-Mail: info (at) handundfuss.eu<\/p>\n<p>USt.-Nr.: 48 115 15934<\/p>\n<p><strong>Realisation:<\/strong><\/p>\n<p>Layout + HTML-Umsetzung:<\/p>\n<p>Sylvia Groth<\/p>\n<p><strong>Distanzierung \/ Disclaimer<\/strong><\/p>\n<p>Mit Urteil vom 12. Mai 1998 hat das Landgericht Hamburg entschieden, da\u00df man durch die Ausbringung eines Links die Inhalte der gelinkten Seite ggf. mit zu verantworten hat. Dies kann &#8211; so das LG &#8211; nur dadurch verhindert werden, da\u00df man ausdr\u00fccklich darauf hinweist.<\/p>\n<p><strong>F\u00fcr all diese Links gilt:<\/strong><\/p>\n<p>Ich m\u00f6chte ausdr\u00fccklich betonen, da\u00df ich keinerlei Einflu\u00df auf die Gestaltung und die Inhalte der gelinkten Seiten habe. Deshalb weise ich hiermit ausdr\u00fccklich darauf hin und mache mir ihre Inhalte nicht zu Eigen. Diese Erkl\u00e4rung gilt f\u00fcr alle auf meiner Homepage ausgebrachten Links und f\u00fcr alle Inhalte der fremden Seiten.<\/p>\n","protected":false},"excerpt":{"rendered":"<p>Herausgeber dieser Website: Hand&amp; Fu\u00df Inh. Sylvia Groth Braunschweiger Stra\u00dfe 31A 27321 Thedinghausen Tel.: (04204) 68 99 86 E-Mail: info (at) handundfuss.eu USt.-Nr.: 48 115 15934 Realisation: Layout + HTML-Umsetzung: Sylvia Groth Distanzierung \/ Disclaimer Mit Urteil vom 12. Mai 1998 hat das Landgericht Hamburg entschieden, da\u00df man durch die Ausbringung eines Links die Inhalte&#8230;<\/p>\n","protected":false},"author":1,"featured_media":0,"parent":0,"menu_order":0,"comment_status":"closed","ping_status":"closed","template":"page_nosidebar.php","meta":{"footnotes":""},"class_list":["post-75","page","type-page","status-publish","hentry"],"_links":{"self":[{"href":"http:\/\/handundfuss.eu\/index.php?rest_route=\/wp\/v2\/pages\/75","targetHints":{"allow":["GET"]}}],"collection":[{"href":"http:\/\/handundfuss.eu\/index.php?rest_route=\/wp\/v2\/pages"}],"about":[{"href":"http:\/\/handundfuss.eu\/index.php?rest_route=\/wp\/v2\/types\/page"}],"author":[{"embeddable":true,"href":"http:\/\/handundfuss.eu\/index.php?rest_route=\/wp\/v2\/users\/1"}],"replies":[{"embeddable":true,"href":"http:\/\/handundfuss.eu\/index.php?rest_route=%2Fwp%2Fv2%2Fcomments&post=75"}],"version-history":[{"count":6,"href":"http:\/\/handundfuss.eu\/index.php?rest_route=\/wp\/v2\/pages\/75\/revisions"}],"predecessor-version":[{"id":388,"href":"http:\/\/handundfuss.eu\/index.php?rest_route=\/wp\/v2\/pages\/75\/revisions\/388"}],"wp:attachment":[{"href":"http:\/\/handundfuss.eu\/index.php?rest_route=%2Fwp%2Fv2%2Fmedia&parent=75"}],"curies":[{"name":"wp","href":"https:\/\/api.w.org\/{rel}","templated":true}]}}