{"id":99,"date":"2018-08-09T07:07:32","date_gmt":"2018-08-09T05:07:32","guid":{"rendered":"http:\/\/nagelstudio-krause.de\/?page_id=99"},"modified":"2026-03-10T17:52:18","modified_gmt":"2026-03-10T16:52:18","slug":"portraet","status":"publish","type":"page","link":"http:\/\/handundfuss.eu\/?page_id=99","title":{"rendered":"Portr\u00e4t"},"content":{"rendered":"\n<div class=\"wp-block-group\"><div class=\"wp-block-group__inner-container is-layout-constrained wp-block-group-is-layout-constrained\">\n<div class=\"wp-block-columns is-layout-flex wp-container-core-columns-is-layout-9d6595d7 wp-block-columns-is-layout-flex\">\n<div class=\"wp-block-column is-layout-flow wp-block-column-is-layout-flow\" style=\"flex-basis:100%\">\n<p>&nbsp;<\/p>\n<hr data-start=\"185\" data-end=\"188\" \/>\n<h3 data-section-id=\"1ehp1f1\" data-start=\"190\" data-end=\"218\">\u00dcber mich \u2013 Sylvia Groth<\/h3>\n<p data-start=\"220\" data-end=\"358\"><img loading=\"lazy\" decoding=\"async\" class=\"wp-image-399 size-medium alignright\" src=\"http:\/\/handundfuss.eu\/wp-content\/uploads\/2024\/02\/24-01-12-02-bearbeitet_web_HP-214x300.jpg\" alt=\"\" width=\"214\" height=\"300\" srcset=\"http:\/\/handundfuss.eu\/wp-content\/uploads\/2024\/02\/24-01-12-02-bearbeitet_web_HP-214x300.jpg 214w, http:\/\/handundfuss.eu\/wp-content\/uploads\/2024\/02\/24-01-12-02-bearbeitet_web_HP.jpg 572w\" sizes=\"auto, (max-width: 214px) 100vw, 214px\" \/> der 80er-Jahre h\u00f6rte ich zum ersten Mal von der damals noch neuen Serviceleistung \u201eKunstn\u00e4gel\u201c und besuchte ein Fingernagelstudio.<\/p>\n<p data-start=\"360\" data-end=\"682\">Nach diesem Besuch hatte ich pl\u00f6tzlich sch\u00f6ne, gepflegte N\u00e4gel \u2013 etwas, was ich von Natur aus nicht hatte. Nach einigen weiteren Besuchen und Gespr\u00e4chen mit der Nail Designerin begann ich, mich immer mehr f\u00fcr den Beruf der Nail Designerin zu interessieren und informierte mich \u00fcber etablierte Firmen in der Nail-Industrie.<\/p>\n<p data-start=\"684\" data-end=\"925\">1987 absolvierte ich meine Ausbildung zur Hand- und Nagelkosmetikerin in verschiedenen Systemen sowie im Bereich Manik\u00fcre und Problemnagelpflege. Nach einer \u00dcbungsphase von etwa sechs Monaten wagte ich den Schritt in die Selbstst\u00e4ndigkeit.<\/p>\n<p data-start=\"927\" data-end=\"1038\">Seit 1987 f\u00fchre ich erfolgreich mein eigenes Studio f\u00fcr Hand- und Nagelkosmetik und bilde mich stetig weiter.<\/p>\n<p data-start=\"1040\" data-end=\"1300\">Im Januar 1999 er\u00f6ffneten wir unser Fingernagelstudio in Thedinghausen. Ende 1999 wurde ich von der Firma LCN zum <strong data-start=\"1154\" data-end=\"1181\">Wilde Certified Trainer<\/strong> ausgebildet. Seitdem leitete ich neben meiner T\u00e4tigkeit im Studio Ausbildungen im Bereich Nail Design der Firma LCN.<\/p>\n<p data-start=\"1302\" data-end=\"1572\">Im Jahr 2000 \u00fcbernahm ich die Schulungsleitung im Bereich Nail Design bei den <strong data-start=\"1380\" data-end=\"1456\">INKOFA Dr. Leibbrand Schulen \u2013 Akademien f\u00fcr Kosmetik und med. Fu\u00dfpflege<\/strong> in Bremen, Hamburg, Hannover und M\u00fcnster. Im M\u00e4rz 2009 habe ich diese T\u00e4tigkeit nach langen \u00dcberlegungen beendet.<\/p>\n<p data-start=\"1574\" data-end=\"1834\">Da die Nachfrage in meinem Studio stetig stieg, erfolgte im Januar 2008 der Umzug in gr\u00f6\u00dfere R\u00e4umlichkeiten. Ab Februar 2008 wurde ich von Conny Schuhmacher, ebenfalls erfahrene Nail Designerin, tatkr\u00e4ftig unterst\u00fctzt. Unsere Wege trennten sich im M\u00e4rz 2010.<\/p>\n<p data-start=\"1836\" data-end=\"2094\">Im Oktober 2011 wurde das Fingernagelstudio in <strong data-start=\"1883\" data-end=\"1897\">Hand &amp; Fu\u00df<\/strong> umbenannt. Seitdem wird unser Angebot im Bereich Fu\u00dfpflege von <strong data-start=\"1961\" data-end=\"2005\">zwei engagierten Fachkr\u00e4ften unterst\u00fctzt<\/strong>, die sich mit Kompetenz und Sorgfalt um die F\u00fc\u00dfe unserer Kundinnen und Kunden k\u00fcmmern.<\/p>\n<p data-start=\"2096\" data-end=\"2176\">Die neuesten Trends und Produktneuheiten erhalte ich aus vielf\u00e4ltigen Quellen:<\/p>\n<ul data-start=\"2178\" data-end=\"2333\">\n<li data-section-id=\"1g0jrm7\" data-start=\"2178\" data-end=\"2236\">\n<p data-start=\"2180\" data-end=\"2236\">regelm\u00e4\u00dfige Teilnahme an Seminaren und Weiterbildungen<\/p>\n<\/li>\n<li data-section-id=\"104eu79\" data-start=\"2237\" data-end=\"2273\">\n<p data-start=\"2239\" data-end=\"2273\">j\u00e4hrliche Besuche auf Fachmessen<\/p>\n<\/li>\n<li data-section-id=\"l8loi2\" data-start=\"2274\" data-end=\"2311\">\n<p data-start=\"2276\" data-end=\"2311\">Fachveranstaltungen und Workshops<\/p>\n<\/li>\n<li data-section-id=\"1eolccc\" data-start=\"2312\" data-end=\"2333\">\n<p data-start=\"2314\" data-end=\"2333\">Fachzeitschriften<\/p>\n<\/li>\n<\/ul>\n<p data-start=\"2335\" data-end=\"2498\"><strong data-start=\"2335\" data-end=\"2371\">Aktualit\u00e4t, Qualit\u00e4t und Service<\/strong> sind Anspr\u00fcche, die ich stets an mich stelle, um den W\u00fcnschen und Erwartungen meiner Kundinnen und Kunden gerecht zu werden.<\/p>\n<\/div>\n<\/div>\n<\/div><\/div>\n","protected":false},"excerpt":{"rendered":"<p>&nbsp; \u00dcber mich \u2013 Sylvia Groth der 80er-Jahre h\u00f6rte ich zum ersten Mal von der damals noch neuen Serviceleistung \u201eKunstn\u00e4gel\u201c und besuchte ein Fingernagelstudio. Nach diesem Besuch hatte ich pl\u00f6tzlich sch\u00f6ne, gepflegte N\u00e4gel \u2013 etwas, was ich von Natur aus nicht hatte. Nach einigen weiteren Besuchen und Gespr\u00e4chen mit der Nail Designerin begann ich, mich&#8230;<\/p>\n","protected":false},"author":1,"featured_media":0,"parent":0,"menu_order":0,"comment_status":"closed","ping_status":"closed","template":"page_nosidebar.php","meta":{"footnotes":""},"class_list":["post-99","page","type-page","status-publish","hentry"],"_links":{"self":[{"href":"http:\/\/handundfuss.eu\/index.php?rest_route=\/wp\/v2\/pages\/99","targetHints":{"allow":["GET"]}}],"collection":[{"href":"http:\/\/handundfuss.eu\/index.php?rest_route=\/wp\/v2\/pages"}],"about":[{"href":"http:\/\/handundfuss.eu\/index.php?rest_route=\/wp\/v2\/types\/page"}],"author":[{"embeddable":true,"href":"http:\/\/handundfuss.eu\/index.php?rest_route=\/wp\/v2\/users\/1"}],"replies":[{"embeddable":true,"href":"http:\/\/handundfuss.eu\/index.php?rest_route=%2Fwp%2Fv2%2Fcomments&post=99"}],"version-history":[{"count":8,"href":"http:\/\/handundfuss.eu\/index.php?rest_route=\/wp\/v2\/pages\/99\/revisions"}],"predecessor-version":[{"id":647,"href":"http:\/\/handundfuss.eu\/index.php?rest_route=\/wp\/v2\/pages\/99\/revisions\/647"}],"wp:attachment":[{"href":"http:\/\/handundfuss.eu\/index.php?rest_route=%2Fwp%2Fv2%2Fmedia&parent=99"}],"curies":[{"name":"wp","href":"https:\/\/api.w.org\/{rel}","templated":true}]}}